{"id":542,"date":"2024-05-29T13:44:49","date_gmt":"2024-05-29T11:44:49","guid":{"rendered":"https:\/\/serwer2408436.home.pl\/autoinstalator\/wordpress1\/about\/"},"modified":"2024-08-21T10:42:55","modified_gmt":"2024-08-21T08:42:55","slug":"about","status":"publish","type":"page","link":"https:\/\/ossowa.pl\/autoinstalator\/wordpress1\/about\/","title":{"rendered":"O nas"},"content":{"rendered":"\t\t<div data-elementor-type=\"wp-post\" data-elementor-id=\"542\" class=\"elementor elementor-542\">\n\t\t\t\t<div class=\"elementor-element elementor-element-5f02ddf e-flex e-con-boxed e-con e-parent\" data-id=\"5f02ddf\" data-element_type=\"container\" data-settings=\"{&quot;background_background&quot;:&quot;classic&quot;}\">\n\t\t\t\t\t<div class=\"e-con-inner\">\n\t\t<div class=\"elementor-element elementor-element-0502d81 e-con-full e-flex e-con e-child\" data-id=\"0502d81\" data-element_type=\"container\">\n\t\t\t\t<div class=\"elementor-element elementor-element-03d202b animated-slow elementor-invisible elementor-widget elementor-widget-heading\" data-id=\"03d202b\" data-element_type=\"widget\" data-settings=\"{&quot;_animation&quot;:&quot;fadeIn&quot;}\" data-widget_type=\"heading.default\">\n\t\t\t\t<div class=\"elementor-widget-container\">\n\t\t\t<style>\/*! elementor - v3.22.0 - 17-06-2024 *\/\n.elementor-heading-title{padding:0;margin:0;line-height:1}.elementor-widget-heading .elementor-heading-title[class*=elementor-size-]>a{color:inherit;font-size:inherit;line-height:inherit}.elementor-widget-heading .elementor-heading-title.elementor-size-small{font-size:15px}.elementor-widget-heading .elementor-heading-title.elementor-size-medium{font-size:19px}.elementor-widget-heading .elementor-heading-title.elementor-size-large{font-size:29px}.elementor-widget-heading .elementor-heading-title.elementor-size-xl{font-size:39px}.elementor-widget-heading .elementor-heading-title.elementor-size-xxl{font-size:59px}<\/style><h1 class=\"elementor-heading-title elementor-size-default\">Kim jeste\u015bmy?<\/h1>\t\t<\/div>\n\t\t\t\t<\/div>\n\t\t\t\t<\/div>\n\t\t\t\t\t<\/div>\n\t\t\t\t<\/div>\n\t\t<div class=\"elementor-element elementor-element-ce23579 e-flex e-con-boxed e-con e-parent\" data-id=\"ce23579\" data-element_type=\"container\">\n\t\t\t\t\t<div class=\"e-con-inner\">\n\t\t<div class=\"elementor-element elementor-element-89a7aec e-con-full e-flex e-con e-child\" data-id=\"89a7aec\" data-element_type=\"container\">\n\t\t\t\t<div class=\"elementor-element elementor-element-a01f0dc elementor-widget elementor-widget-heading\" data-id=\"a01f0dc\" data-element_type=\"widget\" data-widget_type=\"heading.default\">\n\t\t\t\t<div class=\"elementor-widget-container\">\n\t\t\t<h2 class=\"elementor-heading-title elementor-size-default\">Stowarzyszenie Przyjaciele Ossowy<\/h2>\t\t<\/div>\n\t\t\t\t<\/div>\n\t\t\t\t<div class=\"elementor-element elementor-element-c43b3dd elementor-widget-divider--view-line elementor-widget elementor-widget-divider\" data-id=\"c43b3dd\" data-element_type=\"widget\" data-widget_type=\"divider.default\">\n\t\t\t\t<div class=\"elementor-widget-container\">\n\t\t\t<style>\/*! elementor - v3.22.0 - 17-06-2024 *\/\n.elementor-widget-divider{--divider-border-style:none;--divider-border-width:1px;--divider-color:#0c0d0e;--divider-icon-size:20px;--divider-element-spacing:10px;--divider-pattern-height:24px;--divider-pattern-size:20px;--divider-pattern-url:none;--divider-pattern-repeat:repeat-x}.elementor-widget-divider .elementor-divider{display:flex}.elementor-widget-divider .elementor-divider__text{font-size:15px;line-height:1;max-width:95%}.elementor-widget-divider .elementor-divider__element{margin:0 var(--divider-element-spacing);flex-shrink:0}.elementor-widget-divider .elementor-icon{font-size:var(--divider-icon-size)}.elementor-widget-divider .elementor-divider-separator{display:flex;margin:0;direction:ltr}.elementor-widget-divider--view-line_icon .elementor-divider-separator,.elementor-widget-divider--view-line_text .elementor-divider-separator{align-items:center}.elementor-widget-divider--view-line_icon .elementor-divider-separator:after,.elementor-widget-divider--view-line_icon .elementor-divider-separator:before,.elementor-widget-divider--view-line_text .elementor-divider-separator:after,.elementor-widget-divider--view-line_text .elementor-divider-separator:before{display:block;content:\"\";border-block-end:0;flex-grow:1;border-block-start:var(--divider-border-width) var(--divider-border-style) var(--divider-color)}.elementor-widget-divider--element-align-left .elementor-divider .elementor-divider-separator>.elementor-divider__svg:first-of-type{flex-grow:0;flex-shrink:100}.elementor-widget-divider--element-align-left .elementor-divider-separator:before{content:none}.elementor-widget-divider--element-align-left .elementor-divider__element{margin-left:0}.elementor-widget-divider--element-align-right .elementor-divider .elementor-divider-separator>.elementor-divider__svg:last-of-type{flex-grow:0;flex-shrink:100}.elementor-widget-divider--element-align-right .elementor-divider-separator:after{content:none}.elementor-widget-divider--element-align-right .elementor-divider__element{margin-right:0}.elementor-widget-divider--element-align-start .elementor-divider .elementor-divider-separator>.elementor-divider__svg:first-of-type{flex-grow:0;flex-shrink:100}.elementor-widget-divider--element-align-start .elementor-divider-separator:before{content:none}.elementor-widget-divider--element-align-start .elementor-divider__element{margin-inline-start:0}.elementor-widget-divider--element-align-end .elementor-divider .elementor-divider-separator>.elementor-divider__svg:last-of-type{flex-grow:0;flex-shrink:100}.elementor-widget-divider--element-align-end .elementor-divider-separator:after{content:none}.elementor-widget-divider--element-align-end .elementor-divider__element{margin-inline-end:0}.elementor-widget-divider:not(.elementor-widget-divider--view-line_text):not(.elementor-widget-divider--view-line_icon) .elementor-divider-separator{border-block-start:var(--divider-border-width) var(--divider-border-style) var(--divider-color)}.elementor-widget-divider--separator-type-pattern{--divider-border-style:none}.elementor-widget-divider--separator-type-pattern.elementor-widget-divider--view-line .elementor-divider-separator,.elementor-widget-divider--separator-type-pattern:not(.elementor-widget-divider--view-line) .elementor-divider-separator:after,.elementor-widget-divider--separator-type-pattern:not(.elementor-widget-divider--view-line) .elementor-divider-separator:before,.elementor-widget-divider--separator-type-pattern:not([class*=elementor-widget-divider--view]) .elementor-divider-separator{width:100%;min-height:var(--divider-pattern-height);-webkit-mask-size:var(--divider-pattern-size) 100%;mask-size:var(--divider-pattern-size) 100%;-webkit-mask-repeat:var(--divider-pattern-repeat);mask-repeat:var(--divider-pattern-repeat);background-color:var(--divider-color);-webkit-mask-image:var(--divider-pattern-url);mask-image:var(--divider-pattern-url)}.elementor-widget-divider--no-spacing{--divider-pattern-size:auto}.elementor-widget-divider--bg-round{--divider-pattern-repeat:round}.rtl .elementor-widget-divider .elementor-divider__text{direction:rtl}.e-con-inner>.elementor-widget-divider,.e-con>.elementor-widget-divider{width:var(--container-widget-width,100%);--flex-grow:var(--container-widget-flex-grow)}<\/style>\t\t<div class=\"elementor-divider\">\n\t\t\t<span class=\"elementor-divider-separator\">\n\t\t\t\t\t\t<\/span>\n\t\t<\/div>\n\t\t\t\t<\/div>\n\t\t\t\t<\/div>\n\t\t\t\t<div class=\"elementor-element elementor-element-e871351 elementor-widget__width-initial elementor-widget elementor-widget-text-editor\" data-id=\"e871351\" data-element_type=\"widget\" data-widget_type=\"text-editor.default\">\n\t\t\t\t<div class=\"elementor-widget-container\">\n\t\t\t<style>\/*! elementor - v3.22.0 - 17-06-2024 *\/\n.elementor-widget-text-editor.elementor-drop-cap-view-stacked .elementor-drop-cap{background-color:#69727d;color:#fff}.elementor-widget-text-editor.elementor-drop-cap-view-framed .elementor-drop-cap{color:#69727d;border:3px solid;background-color:transparent}.elementor-widget-text-editor:not(.elementor-drop-cap-view-default) .elementor-drop-cap{margin-top:8px}.elementor-widget-text-editor:not(.elementor-drop-cap-view-default) .elementor-drop-cap-letter{width:1em;height:1em}.elementor-widget-text-editor .elementor-drop-cap{float:left;text-align:center;line-height:1;font-size:50px}.elementor-widget-text-editor .elementor-drop-cap-letter{display:inline-block}<\/style>\t\t\t\t<p><span style=\"font-style: inherit; font-weight: inherit; background-color: var(--ast-global-color-4); color: var(--ast-global-color-3);\">CELE STOWARZYSZENIA:<\/span><\/p>\n<p><span style=\"font-style: inherit; font-weight: inherit; background-color: var(--ast-global-color-4); color: var(--ast-global-color-3);\">Dzia\u0142alno\u015b\u0107 misyjna urealnia si\u0119 dzi\u0119ki osi\u0105ganiu cel\u00f3w statutowych takich jak:<\/span><\/p>\n<ul>\n<li>inicjowanie i kierowanie dzia\u0142a\u0144 spo\u0142ecznych, edukacyjnych i gospodarczych na rzecz rozwoju o\u015bwiaty, kultury, nauki, sportu, rekreacji i biznesu,<\/li>\n<li>poprawa standardu \u017cycia spo\u0142eczno\u015bci wiejskiej,<\/li>\n<li>piel\u0119gnowanie to\u017csamo\u015bci narodowej i kulturalnej,<\/li>\n<li>inspirowanie do dzia\u0142a\u0144 na rzecz rozwoju przedsi\u0119biorstw, alternatywnych \u017ar\u00f3de\u0142 dochodu gospodarstw domowych,<\/li>\n<li>inicjowanie i kierowanie dzia\u0142a\u0144 spo\u0142ecznych, edukacyjnych i gospodarczych na rzecz rozwoju o\u015bwiaty, kultury, nauki, sportu i rekreacji,<\/li>\n<li>dzia\u0142ania wspieraj\u0105ce rozw\u00f3j rodziny i popraw\u0119 funkcjonowania rodzin,<\/li>\n<li>wsp\u00f3\u0142praca z krajowymi i zagranicznymi instytucjami i podmiotami, kt\u00f3rych pomoc organizacyjna i finansowa mo\u017ce przyczyni\u0107 si\u0119 do rozwoju wsi, regionu.<\/li>\n<\/ul>\n<p>PROFIL ORGANIZACJI:<\/p>\n<p>Jeste\u015bmy organizacj\u0105 hybrydow\u0105 \u0142\u0105cz\u0105c\u0105 i skutecznie wykorzystuj\u0105c\u0105 r\u00f3\u017cne formy dzia\u0142ania na rzecz realizacji naszej misji od 2017 roku. W wielu tematach (takich jak: dzia\u0142ania na rzecz rozwoju rodzin, innowacyjne w regionie kultywowanie tradycji lokalnej, przeciwdzia\u0142anie wykluczeniu spo\u0142ecznemu najm\u0142odszych) jeste\u015bmy ekspertami &#8211; s\u0142u\u017c\u0105cymi wiedz\u0105 i do\u015bwiadczeniami innym podmiotom, r\u00f3wnie\u017c publicznym.<\/p>\n<p>Szukamy wa\u017cnych wyzwa\u0144 (zar\u00f3wno w skali lokalnej, jak i globalnej), znajdujemy partner\u00f3w, z kt\u00f3rymi podejmujemy dzia\u0142ania maj\u0105ce na celu zmian\u0119 &#8211; to nasza metoda. W wielu obszarach, nie tylko ekologicznych, jeste\u015bmy spo\u0142ecznymi innowatorami.<\/p>\n<p>HISTORIA I NAJWA\u017bNIEJSZE SUKCESY:<\/p>\n<p>Nasz finansowy kapita\u0142 za\u0142o\u017cycielski by\u0142 praktycznie zerowy. Taka sytuacja by\u0142a dla organizacji wyzwaniem. Z czasem, wykorzystuj\u0105c wiedz\u0119 i umiej\u0119tno\u015bci cz\u0142onk\u00f3w organizacji stali\u015bmy si\u0119 beneficjentami dotacji i grant\u00f3w, kt\u00f3re pozwoli\u0142y na zakup podstawowego wyposa\u017cenia i urz\u0105dze\u0144 do codziennej pracy. Rokrocznie aplikujemy w kilku konkursach uzyskuj\u0105c regularne wsparcie na co najmniej jedno wnioskowane zadanie.<\/p>\n<p>Przez pierwsze lata podejmowali\u015bmy si\u0119 kolejnych temat\u00f3w &#8211; szczeg\u00f3lnie tych dotychczas uznawanych za niemo\u017cliwe do zrealizowania.<\/p>\n<p>Mamy na naszym koncie m.in:<\/p>\n<ul>\n<li>pierwsze w Gminie Wohy\u0144 nieodp\u0142atne szkolenia z zakresu wykorzystania lokalnych zasob\u00f3w naturalnych w kontek\u015bcie prowadzenia w\u0142asnych rodzinnych dzia\u0142alno\u015bci gospodarczych,<\/li>\n<li>pierwsze w powiecie rodzinne kino plenerowe pod chmurk\u0105,<\/li>\n<li>organizacja dzia\u0142a\u0144 maj\u0105ce na celu zwi\u0119kszenie kapita\u0142u i w\u0142\u0105czenia spo\u0142ecznego,<\/li><li>budowa infrastruktury turystycznej,<\/li><li>digitalizacja lokalnych dokument\u00f3w historycznych,<\/li>\n<li>reprezentowanie spo\u0142eczno\u015bci lokalnej przed organami samorz\u0105dowymi.<\/li>\n<\/ul>\n<p>R\u00f3\u017cnorodno\u015b\u0107 podejmowanych dzia\u0142a\u0144 by\u0142a w tym czasie nasz\u0105 praktyk\u0105, naszym wyr\u00f3\u017cnikiem innowacyjno\u015b\u0107. Identyfikowali\u015bmy problemy i wyzwania \u2013 szukali\u015bmy rozwi\u0105za\u0144 w my\u015bl zasady \u201eten kto chce ten szuka sposobu, ten kto nie chce ten szuka powodu\u201d.<\/p>\n<p><span style=\"background-color: var(--ast-global-color-4); color: var(--ast-global-color-3); font-style: inherit; font-weight: inherit;\">O naszych dzia\u0142aniach dowiedz\u0105 si\u0119 Pa\u0144stwo tak\u017ce z profilu w mediach spo\u0142eczno\u015bciowych.<\/span><\/p>\n<p><span style=\"background-color: var(--ast-global-color-4); color: var(--ast-global-color-3); font-style: inherit; font-weight: inherit;\"><br><\/span><\/p>\t\t\t\t\t\t<\/div>\n\t\t\t\t<\/div>\n\t\t\t\t<\/div>\n\t\t<div class=\"elementor-element elementor-element-e8e4600 e-con-full e-flex e-con e-child\" data-id=\"e8e4600\" data-element_type=\"container\">\n\t\t\t\t<div class=\"elementor-element elementor-element-08f8c64 gallery-spacing-custom animated-slow elementor-invisible elementor-widget elementor-widget-image-gallery\" data-id=\"08f8c64\" data-element_type=\"widget\" data-settings=\"{&quot;_animation&quot;:&quot;fadeIn&quot;}\" data-widget_type=\"image-gallery.default\">\n\t\t\t\t<div class=\"elementor-widget-container\">\n\t\t\t<style>\/*! elementor - v3.22.0 - 17-06-2024 *\/\n.elementor-image-gallery .gallery-item{display:inline-block;text-align:center;vertical-align:top;width:100%;max-width:100%;margin:0 auto}.elementor-image-gallery .gallery-item img{margin:0 auto}.elementor-image-gallery .gallery-item .gallery-caption{margin:0}.elementor-image-gallery figure img{display:block}.elementor-image-gallery figure figcaption{width:100%}.gallery-spacing-custom .elementor-image-gallery .gallery-icon{padding:0}@media (min-width:768px){.elementor-image-gallery .gallery-columns-2 .gallery-item{max-width:50%}.elementor-image-gallery .gallery-columns-3 .gallery-item{max-width:33.33%}.elementor-image-gallery .gallery-columns-4 .gallery-item{max-width:25%}.elementor-image-gallery .gallery-columns-5 .gallery-item{max-width:20%}.elementor-image-gallery .gallery-columns-6 .gallery-item{max-width:16.666%}.elementor-image-gallery .gallery-columns-7 .gallery-item{max-width:14.28%}.elementor-image-gallery .gallery-columns-8 .gallery-item{max-width:12.5%}.elementor-image-gallery .gallery-columns-9 .gallery-item{max-width:11.11%}.elementor-image-gallery .gallery-columns-10 .gallery-item{max-width:10%}}@media (min-width:480px) and (max-width:767px){.elementor-image-gallery .gallery.gallery-columns-2 .gallery-item,.elementor-image-gallery .gallery.gallery-columns-3 .gallery-item,.elementor-image-gallery .gallery.gallery-columns-4 .gallery-item,.elementor-image-gallery .gallery.gallery-columns-5 .gallery-item,.elementor-image-gallery .gallery.gallery-columns-6 .gallery-item,.elementor-image-gallery .gallery.gallery-columns-7 .gallery-item,.elementor-image-gallery .gallery.gallery-columns-8 .gallery-item,.elementor-image-gallery .gallery.gallery-columns-9 .gallery-item,.elementor-image-gallery .gallery.gallery-columns-10 .gallery-item{max-width:50%}}@media (max-width:479px){.elementor-image-gallery .gallery.gallery-columns-2 .gallery-item,.elementor-image-gallery .gallery.gallery-columns-3 .gallery-item,.elementor-image-gallery .gallery.gallery-columns-4 .gallery-item,.elementor-image-gallery .gallery.gallery-columns-5 .gallery-item,.elementor-image-gallery .gallery.gallery-columns-6 .gallery-item,.elementor-image-gallery .gallery.gallery-columns-7 .gallery-item,.elementor-image-gallery .gallery.gallery-columns-8 .gallery-item,.elementor-image-gallery .gallery.gallery-columns-9 .gallery-item,.elementor-image-gallery .gallery.gallery-columns-10 .gallery-item{max-width:100%}}<\/style>\t\t<div class=\"elementor-image-gallery\">\n\t\t\t<div id='gallery-1' class='gallery galleryid-542 gallery-columns-1 gallery-size-full'><figure class='gallery-item'>\n\t\t\t<div class='gallery-icon portrait'>\n\t\t\t\t<a data-elementor-open-lightbox=\"yes\" data-elementor-lightbox-slideshow=\"08f8c64\" data-e-action-hash=\"#elementor-action%3Aaction%3Dlightbox%26settings%3DeyJpZCI6MTM2NCwidXJsIjoiaHR0cHM6XC9cL29zc293YS5wbFwvYXV0b2luc3RhbGF0b3JcL3dvcmRwcmVzczFcL3dwLWNvbnRlbnRcL3VwbG9hZHNcLzIwMjRcLzA2XC9PLW5hcy1rc2lhemthX3BhZ2UtMDAwMS1zY2FsZWQuanBnIiwic2xpZGVzaG93IjoiMDhmOGM2NCJ9\" href='https:\/\/ossowa.pl\/autoinstalator\/wordpress1\/wp-content\/uploads\/2024\/06\/O-nas-ksiazka_page-0001-scaled.jpg'><img fetchpriority=\"high\" decoding=\"async\" width=\"1810\" height=\"2560\" src=\"https:\/\/ossowa.pl\/autoinstalator\/wordpress1\/wp-content\/uploads\/2024\/06\/O-nas-ksiazka_page-0001-scaled.jpg\" class=\"attachment-full size-full\" alt=\"\" srcset=\"https:\/\/ossowa.pl\/autoinstalator\/wordpress1\/wp-content\/uploads\/2024\/06\/O-nas-ksiazka_page-0001-scaled.jpg 1810w, https:\/\/ossowa.pl\/autoinstalator\/wordpress1\/wp-content\/uploads\/2024\/06\/O-nas-ksiazka_page-0001-212x300.jpg 212w, https:\/\/ossowa.pl\/autoinstalator\/wordpress1\/wp-content\/uploads\/2024\/06\/O-nas-ksiazka_page-0001-724x1024.jpg 724w, https:\/\/ossowa.pl\/autoinstalator\/wordpress1\/wp-content\/uploads\/2024\/06\/O-nas-ksiazka_page-0001-768x1086.jpg 768w, https:\/\/ossowa.pl\/autoinstalator\/wordpress1\/wp-content\/uploads\/2024\/06\/O-nas-ksiazka_page-0001-1086x1536.jpg 1086w, https:\/\/ossowa.pl\/autoinstalator\/wordpress1\/wp-content\/uploads\/2024\/06\/O-nas-ksiazka_page-0001-1448x2048.jpg 1448w\" sizes=\"(max-width: 1810px) 100vw, 1810px\" \/><\/a>\n\t\t\t<\/div><\/figure><figure class='gallery-item'>\n\t\t\t<div class='gallery-icon portrait'>\n\t\t\t\t<a data-elementor-open-lightbox=\"yes\" data-elementor-lightbox-slideshow=\"08f8c64\" data-e-action-hash=\"#elementor-action%3Aaction%3Dlightbox%26settings%3DeyJpZCI6MTM2NSwidXJsIjoiaHR0cHM6XC9cL29zc293YS5wbFwvYXV0b2luc3RhbGF0b3JcL3dvcmRwcmVzczFcL3dwLWNvbnRlbnRcL3VwbG9hZHNcLzIwMjRcLzA2XC9PLW5hcy1rc2lhemthX3BhZ2UtMDAwMi1zY2FsZWQuanBnIiwic2xpZGVzaG93IjoiMDhmOGM2NCJ9\" href='https:\/\/ossowa.pl\/autoinstalator\/wordpress1\/wp-content\/uploads\/2024\/06\/O-nas-ksiazka_page-0002-scaled.jpg'><img decoding=\"async\" width=\"1810\" height=\"2560\" src=\"https:\/\/ossowa.pl\/autoinstalator\/wordpress1\/wp-content\/uploads\/2024\/06\/O-nas-ksiazka_page-0002-scaled.jpg\" class=\"attachment-full size-full\" alt=\"\" srcset=\"https:\/\/ossowa.pl\/autoinstalator\/wordpress1\/wp-content\/uploads\/2024\/06\/O-nas-ksiazka_page-0002-scaled.jpg 1810w, https:\/\/ossowa.pl\/autoinstalator\/wordpress1\/wp-content\/uploads\/2024\/06\/O-nas-ksiazka_page-0002-212x300.jpg 212w, https:\/\/ossowa.pl\/autoinstalator\/wordpress1\/wp-content\/uploads\/2024\/06\/O-nas-ksiazka_page-0002-724x1024.jpg 724w, https:\/\/ossowa.pl\/autoinstalator\/wordpress1\/wp-content\/uploads\/2024\/06\/O-nas-ksiazka_page-0002-768x1086.jpg 768w, https:\/\/ossowa.pl\/autoinstalator\/wordpress1\/wp-content\/uploads\/2024\/06\/O-nas-ksiazka_page-0002-1086x1536.jpg 1086w, https:\/\/ossowa.pl\/autoinstalator\/wordpress1\/wp-content\/uploads\/2024\/06\/O-nas-ksiazka_page-0002-1448x2048.jpg 1448w\" sizes=\"(max-width: 1810px) 100vw, 1810px\" \/><\/a>\n\t\t\t<\/div><\/figure>\n\t\t<\/div>\n\t\t<\/div>\n\t\t\t\t<\/div>\n\t\t\t\t<\/div>\n\t\t\t\t<\/div>\n\t\t\t\t\t<\/div>\n\t\t\t\t<\/div>\n\t\t<div class=\"elementor-element elementor-element-05d8e8c e-flex e-con-boxed e-con e-parent\" data-id=\"05d8e8c\" data-element_type=\"container\">\n\t\t\t\t\t<div class=\"e-con-inner\">\n\t\t\t\t\t<\/div>\n\t\t\t\t<\/div>\n\t\t\t\t<\/div>\n\t\t","protected":false},"excerpt":{"rendered":"<p>Kim jeste\u015bmy? Stowarzyszenie Przyjaciele Ossowy CELE STOWARZYSZENIA: Dzia\u0142alno\u015b\u0107 misyjna urealnia si\u0119 dzi\u0119ki osi\u0105ganiu cel\u00f3w statutowych takich jak: inicjowanie i kierowanie dzia\u0142a\u0144 spo\u0142ecznych, edukacyjnych i gospodarczych na rzecz rozwoju o\u015bwiaty, kultury, nauki, sportu, rekreacji i biznesu, poprawa standardu \u017cycia spo\u0142eczno\u015bci wiejskiej, piel\u0119gnowanie to\u017csamo\u015bci narodowej i kulturalnej, inspirowanie do dzia\u0142a\u0144 na rzecz rozwoju przedsi\u0119biorstw, alternatywnych \u017ar\u00f3de\u0142 dochodu [&hellip;]<\/p>\n","protected":false},"author":1,"featured_media":0,"parent":0,"menu_order":0,"comment_status":"closed","ping_status":"closed","template":"","meta":{"om_disable_all_campaigns":false,"_monsterinsights_skip_tracking":false,"_monsterinsights_sitenote_active":false,"_monsterinsights_sitenote_note":"","_monsterinsights_sitenote_category":0,"_uf_show_specific_survey":0,"_uf_disable_surveys":false,"site-sidebar-layout":"no-sidebar","site-content-layout":"page-builder","ast-site-content-layout":"full-width-container","site-content-style":"unboxed","site-sidebar-style":"unboxed","ast-global-header-display":"","ast-banner-title-visibility":"","ast-main-header-display":"","ast-hfb-above-header-display":"","ast-hfb-below-header-display":"","ast-hfb-mobile-header-display":"","site-post-title":"disabled","ast-breadcrumbs-content":"","ast-featured-img":"disabled","footer-sml-layout":"","theme-transparent-header-meta":"enabled","adv-header-id-meta":"","stick-header-meta":"","header-above-stick-meta":"","header-main-stick-meta":"","header-below-stick-meta":"","astra-migrate-meta-layouts":"set","ast-page-background-enabled":"default","ast-page-background-meta":{"desktop":{"background-color":"","background-image":"","background-repeat":"repeat","background-position":"center center","background-size":"auto","background-attachment":"scroll","background-type":"","background-media":"","overlay-type":"","overlay-color":"","overlay-opacity":"","overlay-gradient":""},"tablet":{"background-color":"","background-image":"","background-repeat":"repeat","background-position":"center center","background-size":"auto","background-attachment":"scroll","background-type":"","background-media":"","overlay-type":"","overlay-color":"","overlay-opacity":"","overlay-gradient":""},"mobile":{"background-color":"","background-image":"","background-repeat":"repeat","background-position":"center center","background-size":"auto","background-attachment":"scroll","background-type":"","background-media":"","overlay-type":"","overlay-color":"","overlay-opacity":"","overlay-gradient":""}},"ast-content-background-meta":{"desktop":{"background-color":"var(--ast-global-color-5)","background-image":"","background-repeat":"repeat","background-position":"center center","background-size":"auto","background-attachment":"scroll","background-type":"","background-media":"","overlay-type":"","overlay-color":"","overlay-opacity":"","overlay-gradient":""},"tablet":{"background-color":"var(--ast-global-color-5)","background-image":"","background-repeat":"repeat","background-position":"center center","background-size":"auto","background-attachment":"scroll","background-type":"","background-media":"","overlay-type":"","overlay-color":"","overlay-opacity":"","overlay-gradient":""},"mobile":{"background-color":"var(--ast-global-color-5)","background-image":"","background-repeat":"repeat","background-position":"center center","background-size":"auto","background-attachment":"scroll","background-type":"","background-media":"","overlay-type":"","overlay-color":"","overlay-opacity":"","overlay-gradient":""}},"footnotes":""},"class_list":["post-542","page","type-page","status-publish","hentry"],"aioseo_notices":[],"_links":{"self":[{"href":"https:\/\/ossowa.pl\/autoinstalator\/wordpress1\/wp-json\/wp\/v2\/pages\/542","targetHints":{"allow":["GET"]}}],"collection":[{"href":"https:\/\/ossowa.pl\/autoinstalator\/wordpress1\/wp-json\/wp\/v2\/pages"}],"about":[{"href":"https:\/\/ossowa.pl\/autoinstalator\/wordpress1\/wp-json\/wp\/v2\/types\/page"}],"author":[{"embeddable":true,"href":"https:\/\/ossowa.pl\/autoinstalator\/wordpress1\/wp-json\/wp\/v2\/users\/1"}],"replies":[{"embeddable":true,"href":"https:\/\/ossowa.pl\/autoinstalator\/wordpress1\/wp-json\/wp\/v2\/comments?post=542"}],"version-history":[{"count":44,"href":"https:\/\/ossowa.pl\/autoinstalator\/wordpress1\/wp-json\/wp\/v2\/pages\/542\/revisions"}],"predecessor-version":[{"id":2105,"href":"https:\/\/ossowa.pl\/autoinstalator\/wordpress1\/wp-json\/wp\/v2\/pages\/542\/revisions\/2105"}],"wp:attachment":[{"href":"https:\/\/ossowa.pl\/autoinstalator\/wordpress1\/wp-json\/wp\/v2\/media?parent=542"}],"curies":[{"name":"wp","href":"https:\/\/api.w.org\/{rel}","templated":true}]}}